{"id":1068,"date":"2022-07-20T17:46:12","date_gmt":"2022-07-20T17:46:12","guid":{"rendered":"http:\/\/financeslink.com\/?page_id=1068"},"modified":"2023-03-28T14:46:05","modified_gmt":"2023-03-28T14:46:05","slug":"nosotros","status":"publish","type":"page","link":"https:\/\/financeslink.com\/en\/nosotros\/","title":{"rendered":"About Us"},"content":{"rendered":"<div class=\"vc_row wpb_row vc_row-fluid shape_divider_top-none shape_divider_bottom-none\"><div class=\"wpb_column vc_column_container vc_col-sm-12 sc_layouts_column_icons_position_left\"><div class=\"vc_column-inner\"><div class=\"wpb_wrapper\"><div class=\"vc_empty_space\"   style=\"height: 4em\"><span class=\"vc_empty_space_inner\"><\/span><\/div><div class=\"vc_empty_space  hide_on_mobile\"   style=\"height: 1.5em\"><span class=\"vc_empty_space_inner\"><\/span><\/div><div class=\"vc_empty_space  hide_on_tablet hide_on_mobile\"   style=\"height: 1.5em\"><span class=\"vc_empty_space_inner\"><\/span><\/div><\/div><\/div><\/div><\/div><div class=\"vc_row wpb_row vc_row-fluid shape_divider_top-none shape_divider_bottom-none\"><div class=\"wpb_column vc_column_container vc_col-sm-12 sc_layouts_column_icons_position_left\"><div class=\"vc_column-inner\"><div class=\"wpb_wrapper\"><div \n id=\"sc_promo_1647763709\" \n\tclass=\"sc_promo color_style_default sc_promo_modern sc_promo_size_large sc_promo_no_paddings sc_promo_image_position_left\"\n\t\t>\n\t\t\t<div class=\"sc_promo_image_wrap\" style=\"width:40%;left: 0;\">\n\t\t\t\t\t<div class=\"sc_promo_image\" style=\"background-image:url(https:\/\/financeslink.com\/wp-content\/uploads\/2022\/07\/portrait-of-young-female-team-leader-of-talented-f-2022-01-18-23-51-57-utc-scaled.jpg);\">\n\t\t\t\t<\/div><!-- \/.sc_promo_image -->\n\t\t\t\t\t\t<a class=\"sc_button link2\" href=\"https:\/\/financeslink.com\/en\/contacto\/\">\n\t\t\t\t\t\t\t\t\t\t<span>Contact Us<\/span>\n\t\t\t\t\t\t\t\t\t\t<\/a>\n\t\t\t\t\t\t\t<\/div><!-- \/.sc_promo_image_wrap -->\n\t\t\t\t\t<div class=\"sc_promo_text\" style=\"width: 60%;float: right;\">\n\t\t\t<div class=\"sc_promo_text_inner\t\t\t trx_addons_inline_1262218332\">\n\t\t\t\t\t\t<h6 class=\"sc_item_subtitle sc_promo_subtitle sc_align_left sc_item_title_style_default\">\n\t\t<!--our beliefs-->\t\t<\/h6>\n\t\t\t\t<h2 class=\"sc_item_title sc_promo_title sc_align_left sc_item_title_style_default\">\n\t\tWhat do we believe?\t\t<\/h2>\n\t\t\t\t\t\t\t<div class=\"sc_promo_content sc_item_content\"><div class=\"vc_empty_space\"   style=\"height: 2.2em\"><span class=\"vc_empty_space_inner\"><\/span><\/div><div class=\"vc_empty_space  hide_on_mobile\"   style=\"height: 2em\"><span class=\"vc_empty_space_inner\"><\/span><\/div><div id=\"sc_title_1828721762\"\r\n\t\tclass=\"sc_title color_style_default sc_title_default\">\t\t<h5 class=\"sc_item_title sc_title_title sc_align_left sc_item_title_style_default sc_item_title_tag\">\n\t\tPreparation\t\t<\/h5>\n\t\t\t\t<div\n\t\tclass=\"sc_item_descr sc_title_descr sc_align_left\"><p>We believe that performance begins with preparation. We conduct extensive research and analysis to continuously assess the ever-changing environment.<\/p>\n<\/div>\n\t\t\t\t\t\t  <\/div><!-- \/.sc_title --><div class=\"vc_empty_space\"   style=\"height: 1.7em\"><span class=\"vc_empty_space_inner\"><\/span><\/div><div id=\"sc_title_1651957418\"\r\n\t\tclass=\"sc_title color_style_default sc_title_default\">\t\t<h5 class=\"sc_item_title sc_title_title sc_align_left sc_item_title_style_default sc_item_title_tag\">\n\t\tVerification\t\t<\/h5>\n\t\t\t\t<div\n\t\tclass=\"sc_item_descr sc_title_descr sc_align_left\"><p>Experience takes our work to the level of excellence. The investment process is being thoroughly tested in all market environments.<\/p>\n<\/div>\n\t\t\t\t\t\t  <div class=\"sc_item_button sc_button_wrap sc_align_left\"><a href=\"https:\/\/financeslink.com\/en\/contacto\/\" id=\"sc_button_1481391213\" class=\"sc_button color_style_default sc_button_default sc_item_button sc_item_button_default sc_title_button sc_button_size_normal sc_button_icon_left\"><span class=\"sc_button_text\"><span class=\"sc_button_title\">Contact Us<\/span><\/span><!-- \/.sc_button_text --><\/a><!-- \/.sc_button --><\/div><!-- \/.sc_item_button --><\/div><!-- \/.sc_title --><div class=\"vc_empty_space\"   style=\"height: 2em\"><span class=\"vc_empty_space_inner\"><\/span><\/div><div class=\"vc_empty_space  hide_on_mobile\"   style=\"height: 1.9em\"><span class=\"vc_empty_space_inner\"><\/span><\/div><\/div>\n\t\t\t\t\t\t\t\t<\/div>\n\t\t<\/div><!-- \/.sc_promo_text -->\n\t\t<\/div><!-- \/.sc_promo -->\n<\/div><\/div><\/div><\/div><div class=\"vc_row wpb_row vc_row-fluid shape_divider_top-none shape_divider_bottom-none\"><div class=\"wpb_column vc_column_container vc_col-sm-12 sc_layouts_column_icons_position_left\"><div class=\"vc_column-inner\"><div class=\"wpb_wrapper\"><div class=\"vc_empty_space\"   style=\"height: 4em\"><span class=\"vc_empty_space_inner\"><\/span><\/div><div class=\"vc_empty_space  hide_on_mobile\"   style=\"height: 1.5em\"><span class=\"vc_empty_space_inner\"><\/span><\/div><div class=\"vc_empty_space  hide_on_tablet hide_on_mobile\"   style=\"height: 1em\"><span class=\"vc_empty_space_inner\"><\/span><\/div><\/div><\/div><\/div><\/div><div class=\"vc_row wpb_row vc_row-fluid shape_divider_top-none shape_divider_bottom-none\"><div class=\"wpb_column vc_column_container vc_col-sm-12 sc_layouts_column_icons_position_left\"><div class=\"vc_column-inner\"><div class=\"wpb_wrapper\"><div \n id=\"sc_promo_671869453\" \n\tclass=\"sc_promo color_style_default sc_promo_modern sc_promo_size_large sc_promo_no_paddings sc_promo_image_position_left\"\n\t\t>\n\t\t\t<div class=\"sc_promo_image_wrap\" style=\"width:40%;left: 0;\">\n\t\t\t\t\t<div class=\"sc_promo_image\" style=\"background-image:url(https:\/\/financeslink.com\/wp-content\/uploads\/2022\/07\/overhead-business-plan-writing-2021-08-29-01-04-33-utc-scaled.jpg);\">\n\t\t\t\t<\/div><!-- \/.sc_promo_image -->\n\t\t\t\t\t\t<a class=\"sc_button link2\" href=\"https:\/\/financeslink.com\/en\/contacto\/\">\n\t\t\t\t\t\t\t\t\t\t<span>Contact Us<\/span>\n\t\t\t\t\t\t\t\t\t\t<\/a>\n\t\t\t\t\t\t\t<\/div><!-- \/.sc_promo_image_wrap -->\n\t\t\t\t\t<div class=\"sc_promo_text\" style=\"width: 60%;float: right;\">\n\t\t\t<div class=\"sc_promo_text_inner\t\t\t trx_addons_inline_485988831\">\n\t\t\t\t\t\t<h6 class=\"sc_item_subtitle sc_promo_subtitle sc_align_left sc_item_title_style_default\">\n\t\t<!--our beliefs-->\t\t<\/h6>\n\t\t\t\t<h2 class=\"sc_item_title sc_promo_title sc_align_left sc_item_title_style_default\">\n\t\tHow do we start?\t\t<\/h2>\n\t\t\t\t\t\t\t<div class=\"sc_promo_content sc_item_content\"><div class=\"vc_empty_space\"   style=\"height: 2.2em\"><span class=\"vc_empty_space_inner\"><\/span><\/div><div class=\"vc_empty_space  hide_on_mobile\"   style=\"height: 2em\"><span class=\"vc_empty_space_inner\"><\/span><\/div><div id=\"sc_title_1158735444\"\r\n\t\tclass=\"sc_title color_style_default sc_title_default\">\t\t<h5 class=\"sc_item_title sc_title_title sc_align_left sc_item_title_style_default sc_item_title_tag\">\n\t\tOver 20 years of global experience, with over 5 years of local experience.\t\t<\/h5>\n\t\t\t\t<div\n\t\tclass=\"sc_item_descr sc_title_descr sc_align_left\"><p>Specialized in administrative management, reengineering, financial management, accounting and taxes.<\/p>\n<\/div>\n\t\t\t\t\t\t  <div class=\"sc_item_button sc_button_wrap sc_align_left\"><a href=\"https:\/\/financeslink.com\/en\/contacto\/\" id=\"sc_button_1439339111\" class=\"sc_button color_style_default sc_button_default sc_item_button sc_item_button_default sc_title_button sc_button_size_normal sc_button_icon_left\"><span class=\"sc_button_text\"><span class=\"sc_button_title\">Contact Us<\/span><\/span><!-- \/.sc_button_text --><\/a><!-- \/.sc_button --><\/div><!-- \/.sc_item_button --><\/div><!-- \/.sc_title --><div class=\"vc_empty_space\"   style=\"height: 1.7em\"><span class=\"vc_empty_space_inner\"><\/span><\/div><div class=\"vc_empty_space\"   style=\"height: 2em\"><span class=\"vc_empty_space_inner\"><\/span><\/div><\/div>\n\t\t\t\t\t\t\t\t<\/div>\n\t\t<\/div><!-- \/.sc_promo_text -->\n\t\t<\/div><!-- \/.sc_promo -->\n<\/div><\/div><\/div><\/div><div data-vc-full-width=\"true\" data-vc-full-width-init=\"false\" class=\"vc_row wpb_row vc_row-fluid vc_custom_1515932585769 vc_row-has-fill shape_divider_top-none shape_divider_bottom-none\"><div class=\"wpb_column vc_column_container vc_col-sm-12 sc_layouts_column_icons_position_left\"><div class=\"vc_column-inner\"><div class=\"wpb_wrapper\"><div class=\"vc_empty_space\"   style=\"height: 4em\"><span class=\"vc_empty_space_inner\"><\/span><\/div><div class=\"vc_empty_space  hide_on_mobile\"   style=\"height: 1.6em\"><span class=\"vc_empty_space_inner\"><\/span><\/div><div class=\"vc_empty_space  hide_on_tablet hide_on_mobile\"   style=\"height: 1em\"><span class=\"vc_empty_space_inner\"><\/span><\/div><\/div><\/div><\/div><\/div><div class=\"vc_row-full-width vc_clearfix\"><\/div><div data-vc-full-width=\"true\" data-vc-full-width-init=\"false\" class=\"vc_row wpb_row vc_row-fluid vc_custom_1515932585769 vc_row-has-fill shape_divider_top-none shape_divider_bottom-none\"><div class=\"wpb_column vc_column_container vc_col-sm-7 sc_layouts_column_icons_position_left\"><div class=\"vc_column-inner\"><div class=\"wpb_wrapper\"><div id=\"sc_title_1014011820\"\r\n\t\tclass=\"sc_title color_style_default sc_title_default\">\t\t<h6 class=\"sc_item_subtitle sc_title_subtitle sc_align_left sc_item_title_style_default\">\n\t\tContact Info\t\t<\/h6>\n\t\t\t\t<h2 class=\"sc_item_title sc_title_title sc_align_left sc_item_title_style_default\">\n\t\tFeel free to contact us with any questions\t\t<\/h2>\n\t\t<\/div><!-- \/.sc_title --><div class=\"vc_empty_space\"   style=\"height: 2em\"><span class=\"vc_empty_space_inner\"><\/span><\/div><div class=\"vc_empty_space  hide_on_mobile\"   style=\"height: 0.5em\"><span class=\"vc_empty_space_inner\"><\/span><\/div><div class=\"vc_empty_space  hide_on_tablet hide_on_mobile\"   style=\"height: 0.5em\"><span class=\"vc_empty_space_inner\"><\/span><\/div><div class=\"vc_row wpb_row vc_inner vc_row-fluid shape_divider_top-none shape_divider_bottom-none\"><div class=\"wpb_column vc_column_container vc_col-sm-10 sc_layouts_column_icons_position_left\"><div class=\"vc_column-inner\"><div class=\"wpb_wrapper\"><div id=\"sc_icons_743199304\" \n\tclass=\"sc_icons sc_icons_modern sc_icons_size_small sc_align_left\"\n\t><div class=\"sc_icons_wrap\">\n\t\t<div class=\"sc_icons_columns_wrap sc_item_columns trx_addons_columns_wrap columns_padding_bottom\">\n\t\t\t\t\t<div class=\"trx_addons_column-1_2\">\n\t\t\t\t\t<div class=\"sc_icons_item\">\n\t\t\t\t\t\t\t<div id=\"sc_icons_743199304_icon-icon_pin\" class=\"sc_icons_icon sc_icon_type_ icon-icon_pin\"\n\t\t\t\t\t\t\t\t\t\t>\n\t\t\t\t\t\t\t\t\t\t\t\t\t\t<span class=\"sc_icon_type_ icon-icon_pin\"\n\t\t\t\t\t\t\t\t\t\t\t\t\t\t\t\t\t><\/span>\n\t\t\t\t\t\t\t\t\t\t\t\t\t<\/div>\n\t\t\t\t\t\t\t\t\t<h4 class=\"sc_icons_item_title\">\n\t\t\t\t\t\t\t\t\t\t<span>Miami Lakes Location<\/span>\n\t\t\t\t\t\t\t\t\t\t<\/h4>\n\t\t\t\t\t\t\t\t<div class=\"sc_icons_item_description\">\n\t\t\t\t\t\t\t\t\t\t\t<span>7900 Oak Lane, Suite # 400<\/span>\n\t\t\t\t\t\t\t\t\t\t\t\t\t\t<span>Miami Lakes, 33016<\/span>\n\t\t\t\t\t\t\t\t\t\t\t\t\t\t<span><\/span>\n\t\t\t\t\t\t\t\t\t\t\t<\/div>\n\t\t\t\t\t\t<\/div>\n\t\t\t\t\t<\/div>\n\t\t\t\t\t\t<div class=\"trx_addons_column-1_2\">\n\t\t\t\t\t<div class=\"sc_icons_item\">\n\t\t\t\t\t\t\t<div id=\"sc_icons_743199304_icon-icon_phone\" class=\"sc_icons_icon sc_icon_type_ icon-icon_phone\"\n\t\t\t\t\t\t\t\t\t\t>\n\t\t\t\t\t\t\t\t\t\t\t\t\t\t<span class=\"sc_icon_type_ icon-icon_phone\"\n\t\t\t\t\t\t\t\t\t\t\t\t\t\t\t\t\t><\/span>\n\t\t\t\t\t\t\t\t\t\t\t\t\t<\/div>\n\t\t\t\t\t\t\t\t\t<h4 class=\"sc_icons_item_title\">\n\t\t\t\t\t\t\t\t\t\t<span>Call Us<\/span>\n\t\t\t\t\t\t\t\t\t\t<\/h4>\n\t\t\t\t\t\t\t\t<div class=\"sc_icons_item_description\">\n\t\t\t\t\t\t\t\t\t\t\t<span>Customers Care <a href=\"tel:+1-786-614-7581\">+1(786)614-7581<\/a><\/span>\n\t\t\t\t\t\t\t\t\t\t\t\t\t\t<span>Office <a href=\"tel:+1-786-761-9310\">+1(786)761-9310<\/a><\/span>\n\t\t\t\t\t\t\t\t\t\t\t<\/div>\n\t\t\t\t\t\t<\/div>\n\t\t\t\t\t<\/div>\n\t\t\t\t\t\t<div class=\"trx_addons_column-1_2\">\n\t\t\t\t\t<div class=\"sc_icons_item\">\n\t\t\t\t\t\t\t<div id=\"sc_icons_743199304_icon-icon_pin\" class=\"sc_icons_icon sc_icon_type_ icon-icon_pin\"\n\t\t\t\t\t\t\t\t\t\t>\n\t\t\t\t\t\t\t\t\t\t\t\t\t\t<span class=\"sc_icon_type_ icon-icon_pin\"\n\t\t\t\t\t\t\t\t\t\t\t\t\t\t\t\t\t><\/span>\n\t\t\t\t\t\t\t\t\t\t\t\t\t<\/div>\n\t\t\t\t\t\t\t\t\t<h4 class=\"sc_icons_item_title\">\n\t\t\t\t\t\t\t\t\t\t<span>Brickell Location <\/span>\n\t\t\t\t\t\t\t\t\t\t<\/h4>\n\t\t\t\t\t\t\t\t<div class=\"sc_icons_item_description\">\n\t\t\t\t\t\t\t\t\t\t\t<span>1221 Brickell Avenue <\/span>\n\t\t\t\t\t\t\t\t\t\t\t\t\t\t<span>Suite #900, Miami, FL, 33131<\/span>\n\t\t\t\t\t\t\t\t\t\t\t\t\t\t<span><\/span>\n\t\t\t\t\t\t\t\t\t\t\t<\/div>\n\t\t\t\t\t\t<\/div>\n\t\t\t\t\t<\/div>\n\t\t\t\t\t\t<div class=\"trx_addons_column-1_2\">\n\t\t\t\t\t<div class=\"sc_icons_item\">\n\t\t\t\t\t\t\t<div id=\"sc_icons_743199304_icon-mail-empty\" class=\"sc_icons_icon sc_icon_type_ icon-mail-empty\"\n\t\t\t\t\t\t\t\t\t\t>\n\t\t\t\t\t\t\t\t\t\t\t\t\t\t<span class=\"sc_icon_type_ icon-mail-empty\"\n\t\t\t\t\t\t\t\t\t\t\t\t\t\t\t\t\t><\/span>\n\t\t\t\t\t\t\t\t\t\t\t\t\t<\/div>\n\t\t\t\t\t\t\t\t\t<h4 class=\"sc_icons_item_title\">\n\t\t\t\t\t\t\t\t\t\t<span>Email<\/span>\n\t\t\t\t\t\t\t\t\t\t<\/h4>\n\t\t\t\t\t\t\t\t<div class=\"sc_icons_item_description\">\n\t\t\t\t\t\t\t\t\t\t\t<span><a href=\"mailto:info@financeslink.com\">info@financeslink.com<\/a><\/span>\n\t\t\t\t\t\t\t\t\t\t\t<\/div>\n\t\t\t\t\t\t<\/div>\n\t\t\t\t\t<\/div>\n\t\t\t\t\t\t<div class=\"trx_addons_column-1_2\">\n\t\t\t\t\t<div class=\"sc_icons_item\">\n\t\t\t\t\t\t\t<div id=\"sc_icons_743199304_icon-icon_pin\" class=\"sc_icons_icon sc_icon_type_ icon-icon_pin\"\n\t\t\t\t\t\t\t\t\t\t>\n\t\t\t\t\t\t\t\t\t\t\t\t\t\t<span class=\"sc_icon_type_ icon-icon_pin\"\n\t\t\t\t\t\t\t\t\t\t\t\t\t\t\t\t\t><\/span>\n\t\t\t\t\t\t\t\t\t\t\t\t\t<\/div>\n\t\t\t\t\t\t\t\t\t<h4 class=\"sc_icons_item_title\">\n\t\t\t\t\t\t\t\t\t\t<span>Doral location<\/span>\n\t\t\t\t\t\t\t\t\t\t<\/h4>\n\t\t\t\t\t\t\t\t<div class=\"sc_icons_item_description\">\n\t\t\t\t\t\t\t\t\t\t\t<span>8333 NW 53rd ST<\/span>\n\t\t\t\t\t\t\t\t\t\t\t\t\t\t<span>Suite # 450, Doral, FL, 33166<\/span>\n\t\t\t\t\t\t\t\t\t\t\t<\/div>\n\t\t\t\t\t\t<\/div>\n\t\t\t\t\t<\/div>\n\t\t\t\t\t\t<div class=\"trx_addons_column-1_2\">\n\t\t\t\t\t<div class=\"sc_icons_item\">\n\t\t\t\t\t\t\t<div id=\"sc_icons_743199304_icon-icon_clock\" class=\"sc_icons_icon sc_icon_type_ icon-icon_clock\"\n\t\t\t\t\t\t\t\t\t\t>\n\t\t\t\t\t\t\t\t\t\t\t\t\t\t<span class=\"sc_icon_type_ icon-icon_clock\"\n\t\t\t\t\t\t\t\t\t\t\t\t\t\t\t\t\t><\/span>\n\t\t\t\t\t\t\t\t\t\t\t\t\t<\/div>\n\t\t\t\t\t\t\t\t\t<h4 class=\"sc_icons_item_title\">\n\t\t\t\t\t\t\t\t\t\t<span>Working Hours<\/span>\n\t\t\t\t\t\t\t\t\t\t<\/h4>\n\t\t\t\t\t\t\t\t<div class=\"sc_icons_item_description\">\n\t\t\t\t\t\t\t\t\t\t\t<span>Mo - Fr: 9am \u2013 5pm<\/span>\n\t\t\t\t\t\t\t\t\t\t\t\t\t\t<span><\/span>\n\t\t\t\t\t\t\t\t\t\t\t<\/div>\n\t\t\t\t\t\t<\/div>\n\t\t\t\t\t<\/div>\n\t\t\t\t\t<\/div>\n\t\t<\/div><\/div><!-- \/.sc_icons --><\/div><\/div><\/div><div class=\"wpb_column vc_column_container vc_col-sm-2 sc_layouts_column_icons_position_left\"><div class=\"vc_column-inner\"><div class=\"wpb_wrapper\"><\/div><\/div><\/div><\/div><div class=\"vc_empty_space\"   style=\"height: 1.15em\"><span class=\"vc_empty_space_inner\"><\/span><\/div><a href=\"https:\/\/api.whatsapp.com\/send\/?phone=17866147581&#038;text=Hola%21+Escribo+desde+el+link+de+la+p%C3%A1gina+web&#038;type=phone_number&#038;app_absent=0\" id=\"sc_button_1533256298\" class=\"sc_button color_style_default sc_button_default sc_button_size_normal sc_button_with_icon sc_button_icon_right\"><span class=\"sc_button_icon\"><span class=\"icon-right-arrow-1\"><\/span><\/span><span class=\"sc_button_text\"><span class=\"sc_button_title\">Send WhatsApp message<\/span><\/span><!-- \/.sc_button_text --><\/a><!-- \/.sc_button --><div class=\"vc_empty_space\"   style=\"height: 4em\"><span class=\"vc_empty_space_inner\"><\/span><\/div><\/div><\/div><\/div><div class=\"wpb_column vc_column_container vc_col-sm-5 sc_layouts_column_icons_position_left\"><div class=\"vc_column-inner\"><div class=\"wpb_wrapper\">\n\t<div  class=\"wpb_single_image wpb_content_element vc_align_center\">\n\t\t\n\t\t<figure class=\"wpb_wrapper vc_figure\">\n\t\t\t<div class=\"vc_single_image-wrapper   vc_box_border_grey\"><img loading=\"lazy\" decoding=\"async\" width=\"470\" height=\"589\" src=\"https:\/\/financeslink.com\/wp-content\/uploads\/2022\/07\/about_2-1.jpg\" class=\"vc_single_image-img attachment-full\" alt=\"\" title=\"about_2\" srcset=\"https:\/\/financeslink.com\/wp-content\/uploads\/2022\/07\/about_2-1.jpg 470w, https:\/\/financeslink.com\/wp-content\/uploads\/2022\/07\/about_2-1-239x300.jpg 239w, https:\/\/financeslink.com\/wp-content\/uploads\/2022\/07\/about_2-1-370x464.jpg 370w\" sizes=\"auto, (max-width: 470px) 100vw, 470px\" \/><\/div>\n\t\t<\/figure>\n\t<\/div>\n<div class=\"vc_empty_space\"   style=\"height: 4em\"><span class=\"vc_empty_space_inner\"><\/span><\/div><\/div><\/div><\/div><\/div><div class=\"vc_row-full-width vc_clearfix\"><\/div><div data-vc-full-width=\"true\" data-vc-full-width-init=\"false\" class=\"vc_row wpb_row vc_row-fluid vc_custom_1515932585769 vc_row-has-fill shape_divider_top-none shape_divider_bottom-none\"><div class=\"wpb_column vc_column_container vc_col-sm-12 sc_layouts_column_icons_position_left\"><div class=\"vc_column-inner\"><div class=\"wpb_wrapper\"><div class=\"vc_empty_space  hide_on_mobile\"   style=\"height: 1em\"><span class=\"vc_empty_space_inner\"><\/span><\/div><div class=\"vc_empty_space  hide_on_tablet hide_on_mobile\"   style=\"height: 1em\"><span class=\"vc_empty_space_inner\"><\/span><\/div><\/div><\/div><\/div><\/div><div class=\"vc_row-full-width vc_clearfix\"><\/div>","protected":false},"excerpt":{"rendered":"Cont\u00e1ctanos \u00bfEn qu\u00e9 creemos? Preparaci\u00f3n Creemos que el desempe\u00f1o comienza con la preparaci\u00f3n. Llevamos a cabo investigaciones y an\u00e1lisis exhaustivos para evaluar continuamente el entorno en constante cambio. Comprobaci\u00f3n La experiencia lleva nuestro trabajo al nivel de excelencia. El proceso de inversi\u00f3n se est\u00e1 probando minuciosamente en todos los entornos&hellip;","protected":false},"author":1,"featured_media":0,"parent":0,"menu_order":0,"comment_status":"closed","ping_status":"closed","template":"","meta":{"footnotes":""},"class_list":["post-1068","page","type-page","status-publish","hentry"],"_links":{"self":[{"href":"https:\/\/financeslink.com\/en\/wp-json\/wp\/v2\/pages\/1068","targetHints":{"allow":["GET"]}}],"collection":[{"href":"https:\/\/financeslink.com\/en\/wp-json\/wp\/v2\/pages"}],"about":[{"href":"https:\/\/financeslink.com\/en\/wp-json\/wp\/v2\/types\/page"}],"author":[{"embeddable":true,"href":"https:\/\/financeslink.com\/en\/wp-json\/wp\/v2\/users\/1"}],"replies":[{"embeddable":true,"href":"https:\/\/financeslink.com\/en\/wp-json\/wp\/v2\/comments?post=1068"}],"version-history":[{"count":0,"href":"https:\/\/financeslink.com\/en\/wp-json\/wp\/v2\/pages\/1068\/revisions"}],"wp:attachment":[{"href":"https:\/\/financeslink.com\/en\/wp-json\/wp\/v2\/media?parent=1068"}],"curies":[{"name":"wp","href":"https:\/\/api.w.org\/{rel}","templated":true}]}}